{"id":693,"date":"2024-02-29T20:31:41","date_gmt":"2024-02-29T20:31:41","guid":{"rendered":"https:\/\/www.giuseppeferrara.com\/sviluppo-sito-personalizzato\/"},"modified":"2024-03-13T15:56:33","modified_gmt":"2024-03-13T15:56:33","slug":"sviluppo-sito-personalizzato","status":"publish","type":"page","link":"https:\/\/www.giuseppeferrara.com\/it\/sviluppo-sito-personalizzato\/","title":{"rendered":"Sviluppo Sito Personalizzato"},"content":{"rendered":"\t\t<div data-elementor-type=\"wp-page\" data-elementor-id=\"693\" class=\"elementor elementor-693 elementor-688\" data-elementor-post-type=\"page\">\n\t\t\t\t\t\t<section class=\"elementor-section elementor-top-section elementor-element elementor-element-45c92b7 elementor-section-boxed elementor-section-height-default elementor-section-height-default\" data-id=\"45c92b7\" data-element_type=\"section\" data-e-type=\"section\">\n\t\t\t\t\t\t<div class=\"elementor-container elementor-column-gap-default\">\n\t\t\t\t\t<div class=\"elementor-column elementor-col-100 elementor-top-column elementor-element elementor-element-2949c38\" data-id=\"2949c38\" data-element_type=\"column\" data-e-type=\"column\">\n\t\t\t<div class=\"elementor-widget-wrap elementor-element-populated\">\n\t\t\t\t\t\t<div class=\"elementor-element elementor-element-f79e96d elementor-widget elementor-widget-text-editor\" data-id=\"f79e96d\" data-element_type=\"widget\" data-e-type=\"widget\" data-widget_type=\"text-editor.default\">\n\t\t\t\t<div class=\"elementor-widget-container\">\n\t\t\t\t\t\t\t\t\t<p><strong>Introduzione<\/strong>: Nel panorama digitale odierno, un sito web che si distingue non solo per design ma anche per funzionalit\u00e0 \u00e8 fondamentale per il successo di un&#8217;attivit\u00e0. Specializzati in soluzioni di sviluppo web personalizzate, ci impegniamo a trasformare le visioni in realt\u00e0 digitali, garantendo che ogni sito non solo si distingua, ma converta efficacemente i visitatori in clienti.<\/p>\n<p><strong>Perch\u00e9 Scegliere Le Nostre Soluzioni:<\/strong><\/p>\n<ul>\n<li><strong>Esperienza Decennale nel Full Stack Development<\/strong>: Unendo competenze front-end e back-end, si offre un servizio completo che copre ogni aspetto dello sviluppo web, dalla progettazione alla messa online.<\/li>\n<li><strong>Responsive Design<\/strong>: Siti web creati per garantire un&#8217;esperienza utente ottimale su qualsiasi dispositivo e dimensione dello schermo.<\/li>\n<li><strong>Prestazioni e Velocit\u00e0<\/strong>: Sviluppo focalizzato su siti veloci e performanti per mantenere i visitatori coinvolti e ridurre il tasso di abbandono.<\/li>\n<li><strong>Sicurezza Avanzata<\/strong>: Implementazione delle migliori pratiche per proteggere il sito web dalle minacce pi\u00f9 recenti, assicurando la sicurezza dei dati degli utenti.<\/li>\n<\/ul>\n<p><strong>Il Processo di Sviluppo<\/strong>:<\/p>\n<ol>\n<li><strong>Consultazione Iniziale<\/strong>: Ascolto delle esigenze e discussione della strategia pi\u00f9 adeguata per il progetto.<\/li>\n<li><strong>Progettazione e Sviluppo<\/strong>: Trasformazione delle idee in realt\u00e0 con bozze iniziali e iterazioni di sviluppo fino alla perfezione.<\/li>\n<li><strong>Test e Ottimizzazione<\/strong>: Rigorosi test del sito prima del lancio per assicurarsi che superi tutti gli standard di prestazione e sicurezza.<\/li>\n<li><strong>Lancio e Supporto Continuo<\/strong>: Una volta che tutto \u00e8 perfetto, il sito viene lanciato. \u00c8 fornito supporto continuo per qualsiasi domanda o aggiornamento futuro.<\/li>\n<\/ol>\n<p><strong>Inizia Oggi<\/strong>: Pronto a far crescere il tuo business con un sito web su misura che rifletta la tua unica visione? Contattaci per una consulenza gratuita e inizia il viaggio per trasformare la tua visione in una realt\u00e0 digitale che lascia il segno.<\/p>\n\t\t\t\t\t\t\t\t<\/div>\n\t\t\t\t<\/div>\n\t\t\t\t<div class=\"elementor-element elementor-element-4cf6008 elementor-widget elementor-widget-arter-contact-form\" data-id=\"4cf6008\" data-element_type=\"widget\" data-e-type=\"widget\" data-widget_type=\"arter-contact-form.default\">\n\t\t\t\t<div class=\"elementor-widget-container\">\n\t\t\t\t\t\n\t\t<!-- container -->\n\t\t<div class=\"container-fluid\">\n\n\t\t<!-- row -->\n\t\t<div class=\"row\">\n\n\t\t  \t\t  <!-- col -->\n\t\t  <div class=\"col-lg-12\">\n\n\t\t    <!-- section title -->\n\t\t    <div class=\"art-section-title\">\n\t\t      <!-- title frame -->\n\t\t      <div class=\"art-title-frame\">\n\t\t        <!-- title -->\n\t\t        <h4 class=\"art-title-h\">\n\t\t    \t<span >\n\t\t          \tRequest a quote\t\t         <\/span>\n\t\t    \t<\/h4>\n\t\t      <\/div>\n\t\t      <!-- title frame end -->\n\t\t    <\/div>\n\t\t    <!-- section title end -->\n\n\t\t  <\/div>\n\t\t  <!-- col end -->\n\t\t  \n\t\t  \t\t  <!-- col -->\n\t\t  <div class=\"col-lg-12\">\n\n\t\t  <!-- contact form frame -->\n\t\t  <div class=\"art-a art-card\">\n\t\t\t  \n<div class=\"wpcf7 no-js\" id=\"wpcf7-f684-o1\" lang=\"it-IT\" dir=\"ltr\" data-wpcf7-id=\"684\">\n<div class=\"screen-reader-response\"><p role=\"status\" aria-live=\"polite\" aria-atomic=\"true\"><\/p> <ul><\/ul><\/div>\n<form action=\"\/it\/wp-json\/wp\/v2\/pages\/693#wpcf7-f684-o1\" method=\"post\" class=\"wpcf7-form init\" aria-label=\"Modulo di contatto\" novalidate=\"novalidate\" data-status=\"init\">\n<fieldset class=\"hidden-fields-container\"><input type=\"hidden\" name=\"_wpcf7\" value=\"684\" \/><input type=\"hidden\" name=\"_wpcf7_version\" value=\"6.1.5\" \/><input type=\"hidden\" name=\"_wpcf7_locale\" value=\"it_IT\" \/><input type=\"hidden\" name=\"_wpcf7_unit_tag\" value=\"wpcf7-f684-o1\" \/><input type=\"hidden\" name=\"_wpcf7_container_post\" value=\"0\" \/><input type=\"hidden\" name=\"_wpcf7_posted_data_hash\" value=\"\" \/>\n<\/fieldset>\n<!-- contact form -->\n<div class=\"art-contact-form\">\n\t<!-- form field -->\n\t<div class=\"art-form-field\">\n\t\t<!-- name input -->\n\t\t<span class=\"wpcf7-form-control-wrap\" data-name=\"your-name\"><input size=\"40\" maxlength=\"400\" class=\"wpcf7-form-control wpcf7-text wpcf7-validates-as-required art-input\" aria-required=\"true\" aria-invalid=\"false\" placeholder=\"Nome\" value=\"\" type=\"text\" name=\"your-name\" \/><\/span>\n\t\t<!-- label -->\n\t\t<label><i class=\"fas fa-user\"><\/i><\/label>\n\t<\/div>\n\t<!-- form field end -->\n\t\n\t<!-- form field -->\n\t<div class=\"art-form-field\">\n\t\t<!-- email input -->\n\t\t<span class=\"wpcf7-form-control-wrap\" data-name=\"your-email\"><input size=\"40\" maxlength=\"400\" class=\"wpcf7-form-control wpcf7-email wpcf7-validates-as-required wpcf7-text wpcf7-validates-as-email art-input\" aria-required=\"true\" aria-invalid=\"false\" placeholder=\"Email\" value=\"\" type=\"email\" name=\"your-email\" \/><\/span>\n\t\t<!-- label -->\n\t\t<label><i class=\"fas fa-at\"><\/i><\/label>\n\t<\/div>\n\t<!-- form field end -->\n\t\n\t<!-- form field -->\n\t<div class=\"art-form-field\">\n\t\t<!-- message textarea -->\n\t\t<span class=\"wpcf7-form-control-wrap\" data-name=\"your-message\"><textarea cols=\"40\" rows=\"10\" maxlength=\"2000\" class=\"wpcf7-form-control wpcf7-textarea wpcf7-validates-as-required art-input\" aria-required=\"true\" aria-invalid=\"false\" placeholder=\"Messaggio\" name=\"your-message\"><\/textarea><\/span>\n\t\t<!-- label -->\n\t\t<label><i class=\"far fa-envelope\"><\/i><\/label>\n\t<\/div>\n\t<!-- form field end -->\n\t\n\t<!-- button -->\n\t<div class=\"art-submit-frame\">\n\t\t<button class=\"art-btn art-btn-md art-submit\" type=\"submit\"><span>Invia<\/span><\/button>\n\t<\/div>\n<\/div>\n<!-- contact form end --><div class=\"wpcf7-response-output\" aria-hidden=\"true\"><\/div>\n<\/form>\n<\/div>\n\t\t  <\/div>\n\t\t  <!-- contact form frame end -->\n\n\t\t  <\/div>\n\t\t  <!-- col end -->\n\t\t  \t\t\t\t\n\t\t<\/div>\n\t\t  <!-- row end -->\n\n\t\t<\/div>\n\t\t<!-- container end -->\t\t\t\n\n\t\t\t\t\t\t<\/div>\n\t\t\t\t<\/div>\n\t\t\t\t\t<\/div>\n\t\t<\/div>\n\t\t\t\t\t<\/div>\n\t\t<\/section>\n\t\t\t\t<section class=\"elementor-section elementor-top-section elementor-element elementor-element-ede8249 elementor-section-boxed elementor-section-height-default elementor-section-height-default\" data-id=\"ede8249\" data-element_type=\"section\" data-e-type=\"section\">\n\t\t\t\t\t\t<div class=\"elementor-container elementor-column-gap-default\">\n\t\t\t\t\t<div class=\"elementor-column elementor-col-100 elementor-top-column elementor-element elementor-element-ec3bdc0\" data-id=\"ec3bdc0\" data-element_type=\"column\" data-e-type=\"column\">\n\t\t\t<div class=\"elementor-widget-wrap\">\n\t\t\t\t\t\t\t<\/div>\n\t\t<\/div>\n\t\t\t\t\t<\/div>\n\t\t<\/section>\n\t\t\t\t<\/div>\n\t\t","protected":false},"excerpt":{"rendered":"<p>Introduzione: Nel panorama digitale odierno, un sito web che si distingue non solo per design ma anche per funzionalit\u00e0 \u00e8&#8230; <\/p>\n<div class=\"art-el-more\"><a href=\"https:\/\/www.giuseppeferrara.com\/it\/sviluppo-sito-personalizzato\/\" class=\"art-link art-color-link art-w-chevron\">Leggi di pi\u00f9<\/a><\/div>\n","protected":false},"author":1,"featured_media":706,"parent":0,"menu_order":0,"comment_status":"closed","ping_status":"closed","template":"","meta":{"_acf_changed":false,"_joinchat":[],"footnotes":""},"class_list":["post-693","page","type-page","status-publish","has-post-thumbnail","hentry"],"acf":[],"_links":{"self":[{"href":"https:\/\/www.giuseppeferrara.com\/it\/wp-json\/wp\/v2\/pages\/693","targetHints":{"allow":["GET"]}}],"collection":[{"href":"https:\/\/www.giuseppeferrara.com\/it\/wp-json\/wp\/v2\/pages"}],"about":[{"href":"https:\/\/www.giuseppeferrara.com\/it\/wp-json\/wp\/v2\/types\/page"}],"author":[{"embeddable":true,"href":"https:\/\/www.giuseppeferrara.com\/it\/wp-json\/wp\/v2\/users\/1"}],"replies":[{"embeddable":true,"href":"https:\/\/www.giuseppeferrara.com\/it\/wp-json\/wp\/v2\/comments?post=693"}],"version-history":[{"count":7,"href":"https:\/\/www.giuseppeferrara.com\/it\/wp-json\/wp\/v2\/pages\/693\/revisions"}],"predecessor-version":[{"id":769,"href":"https:\/\/www.giuseppeferrara.com\/it\/wp-json\/wp\/v2\/pages\/693\/revisions\/769"}],"wp:featuredmedia":[{"embeddable":true,"href":"https:\/\/www.giuseppeferrara.com\/it\/wp-json\/wp\/v2\/media\/706"}],"wp:attachment":[{"href":"https:\/\/www.giuseppeferrara.com\/it\/wp-json\/wp\/v2\/media?parent=693"}],"curies":[{"name":"wp","href":"https:\/\/api.w.org\/{rel}","templated":true}]}}