{"id":782,"date":"2020-11-09T12:28:45","date_gmt":"2020-11-09T12:28:45","guid":{"rendered":"https:\/\/www.giuseppeferrara.com\/politique-de-confidentialite\/"},"modified":"2024-03-13T16:26:15","modified_gmt":"2024-03-13T16:26:15","slug":"politique-de-confidentialite","status":"publish","type":"page","link":"https:\/\/www.giuseppeferrara.com\/fr\/politique-de-confidentialite\/","title":{"rendered":"Politique de confidentialit\u00e9"},"content":{"rendered":"\n<h2 class=\"wp-block-heading\">Qui sommes-nous ?<\/h2>\n\n<p>L&rsquo;adresse de notre site web est la suivante : <a href=\"https:\/\/www.giuseppeferrara.com\/fr\/\">https:\/\/www.giuseppeferrara.com\/<\/a><\/p>\n\n<h2 class=\"wp-block-heading\">Quelles sont les donn\u00e9es personnelles que nous recueillons et pourquoi nous les recueillons ?<\/h2>\n\n<h3 class=\"wp-block-heading\">Commentaires<\/h3>\n\n<p>Lorsque les visiteurs laissent des commentaires sur le site, nous recueillons les donn\u00e9es figurant dans le formulaire de commentaires. Nous recueillons \u00e9galement l&rsquo;adresse IP du visiteur et la cha\u00eene de l&rsquo;agent utilisateur du navigateur pour faciliter la d\u00e9tection des spams.<\/p>\n\n<p>Une cha\u00eene anonyme cr\u00e9\u00e9e \u00e0 partir de votre adresse \u00e9lectronique (\u00e9galement connue sous le nom de \u00ab\u00a0hash\u00a0\u00bb) peut \u00eatre envoy\u00e9e au service Gravatar pour v\u00e9rifier si vous l&rsquo;utilisez. La politique de confidentialit\u00e9 du service Gravatar est disponible <a href=\"https:\/\/automattic.com\/privacy\/\" target=\"_blank\" rel=\"noopener\">ici.<\/a> Une fois votre commentaire approuv\u00e9, votre photo de profil devient publique dans le contexte de votre commentaire.<\/p>\n\n<h3 class=\"wp-block-heading\">Les m\u00e9dias<\/h3>\n\n<p>Si vous t\u00e9l\u00e9chargez des images sur le site web, \u00e9vitez d&rsquo;inclure des images contenant des donn\u00e9es de localisation (EXIF GPS). Les visiteurs peuvent t\u00e9l\u00e9charger et extraire des donn\u00e9es de localisation \u00e0 partir d&rsquo;images sur le site web.<\/p>\n\n<h3 class=\"wp-block-heading\">Formulaires de contact<\/h3>\n\n<p>Nous utilisons Contact Form 7 pour g\u00e9rer les soumissions. Les donn\u00e9es sont collect\u00e9es et nous pouvons les utiliser \u00e0 des fins de service \u00e0 la client\u00e8le, mais nous n&rsquo;utilisons pas les informations soumises par leur interm\u00e9diaire \u00e0 des fins de marketing.<\/p>\n\n<h3 class=\"wp-block-heading\">Cookies<\/h3>\n\n<p>Si vous laissez un commentaire sur notre site, vous pouvez choisir d&rsquo;enregistrer votre nom, votre adresse \u00e9lectronique et votre site web dans des cookies pour plus de commodit\u00e9, de sorte que vous n&rsquo;ayez pas \u00e0 fournir \u00e0 nouveau vos coordonn\u00e9es lorsque vous laissez un autre commentaire. Ces cookies se conservent pendant un an.<\/p>\n\n<h3 class=\"wp-block-heading\">Analyse<\/h3>\n\n<p>Nous utilisons Google Analytics pour comprendre comment nos visiteurs interagissent avec le site web. Ce service peut collecter des donn\u00e9es sur vos activit\u00e9s sur notre site.<\/p>\n\n<h2 class=\"wp-block-heading\">Avec qui nous partageons vos donn\u00e9es<\/h2>\n\n<p>Nous ne partageons pas vos donn\u00e9es personnelles avec des tiers, sauf si cela est n\u00e9cessaire pour fournir nos services ou si la loi l&rsquo;exige.<\/p>\n\n<h2 class=\"wp-block-heading\">Dur\u00e9e de conservation des donn\u00e9es<\/h2>\n\n<p>Si vous laissez un commentaire, le commentaire et ses m\u00e9tadonn\u00e9es sont conserv\u00e9s ind\u00e9finiment pour les commentaires de suivi et la mod\u00e9ration. Pour les utilisateurs enregistr\u00e9s, nous stockons les informations personnelles fournies dans leur profil d&rsquo;utilisateur. Tous les utilisateurs peuvent voir, modifier ou supprimer leurs informations personnelles \u00e0 tout moment (le nom d&rsquo;utilisateur ne peut pas \u00eatre modifi\u00e9). Les administrateurs peuvent \u00e9galement consulter et modifier ces informations.<\/p>\n\n<h2 class=\"wp-block-heading\">Vos droits sur vos donn\u00e9es<\/h2>\n\n<p>Si vous avez un compte ou si vous avez laiss\u00e9 des commentaires, vous pouvez demander \u00e0 recevoir un fichier export\u00e9 des donn\u00e9es personnelles que nous d\u00e9tenons \u00e0 votre sujet. Vous pouvez \u00e9galement demander l&rsquo;effacement de toutes les donn\u00e9es personnelles que nous d\u00e9tenons \u00e0 votre sujet. Cela n&rsquo;inclut pas les donn\u00e9es que nous sommes oblig\u00e9s de conserver \u00e0 des fins administratives, juridiques ou de s\u00e9curit\u00e9.<\/p>\n\n<h2 class=\"wp-block-heading\">O\u00f9 nous envoyons vos donn\u00e9es<\/h2>\n\n<p>Les commentaires des visiteurs peuvent \u00eatre v\u00e9rifi\u00e9s par un service automatis\u00e9 de d\u00e9tection des spams.<\/p>\n\n<h2 class=\"wp-block-heading\">Giuseppe Ferrara<\/h2>\n\n<p>Via Rocco Tinelli, 12 | Corato (BA) 70033 &#8211; Italia | +39 392 145 90 60 | info@giuseppeferrara.it<\/p>\n\n<p><\/p>\n\n<h2 class=\"wp-block-heading\">Informations compl\u00e9mentaires<\/h2>\n\n<h3 class=\"wp-block-heading\">Comment nous prot\u00e9geons vos donn\u00e9es<\/h3>\n\n<p>Nous mettons en \u0153uvre une s\u00e9rie de mesures de s\u00e9curit\u00e9 pour pr\u00e9server la s\u00e9curit\u00e9 de vos informations personnelles.<\/p>\n\n<h3 class=\"wp-block-heading\">Proc\u00e9dures en cas de violation des donn\u00e9es<\/h3>\n\n<p>Nous avons mis en place des mesures pour faire face \u00e0 toute violation pr\u00e9sum\u00e9e des donn\u00e9es et nous vous informerons, ainsi que tout r\u00e9gulateur applicable, si nous sommes l\u00e9galement tenus de le faire.<\/p>\n\n<h3 class=\"wp-block-heading\">Tiers<\/h3>\n\n<p>Nous ne recevons pas de donn\u00e9es de tiers et nous ne prenons pas de d\u00e9cisions automatis\u00e9es sur la base des donn\u00e9es des utilisateurs.<\/p>\n\n<h3 class=\"wp-block-heading\">Exigences r\u00e9glementaires en mati\u00e8re d&rsquo;information de l&rsquo;industrie<\/h3>\n\n<p>Nous nous conformons aux exigences r\u00e9glementaires de divulgation de l&rsquo;industrie, le cas \u00e9ch\u00e9ant.<\/p>\n","protected":false},"excerpt":{"rendered":"<p>Qui sommes-nous ? L&rsquo;adresse de notre site web est la suivante : https:\/\/www.giuseppeferrara.com\/ Quelles sont les donn\u00e9es personnelles que nous&#8230; <\/p>\n<div class=\"art-el-more\"><a href=\"https:\/\/www.giuseppeferrara.com\/fr\/politique-de-confidentialite\/\" class=\"art-link art-color-link art-w-chevron\">Read more<\/a><\/div>\n","protected":false},"author":1,"featured_media":0,"parent":0,"menu_order":0,"comment_status":"closed","ping_status":"closed","template":"","meta":{"_acf_changed":false,"_joinchat":[],"footnotes":""},"class_list":["post-782","page","type-page","status-publish","hentry"],"acf":[],"_links":{"self":[{"href":"https:\/\/www.giuseppeferrara.com\/fr\/wp-json\/wp\/v2\/pages\/782","targetHints":{"allow":["GET"]}}],"collection":[{"href":"https:\/\/www.giuseppeferrara.com\/fr\/wp-json\/wp\/v2\/pages"}],"about":[{"href":"https:\/\/www.giuseppeferrara.com\/fr\/wp-json\/wp\/v2\/types\/page"}],"author":[{"embeddable":true,"href":"https:\/\/www.giuseppeferrara.com\/fr\/wp-json\/wp\/v2\/users\/1"}],"replies":[{"embeddable":true,"href":"https:\/\/www.giuseppeferrara.com\/fr\/wp-json\/wp\/v2\/comments?post=782"}],"version-history":[{"count":3,"href":"https:\/\/www.giuseppeferrara.com\/fr\/wp-json\/wp\/v2\/pages\/782\/revisions"}],"predecessor-version":[{"id":785,"href":"https:\/\/www.giuseppeferrara.com\/fr\/wp-json\/wp\/v2\/pages\/782\/revisions\/785"}],"wp:attachment":[{"href":"https:\/\/www.giuseppeferrara.com\/fr\/wp-json\/wp\/v2\/media?parent=782"}],"curies":[{"name":"wp","href":"https:\/\/api.w.org\/{rel}","templated":true}]}}