{"id":774,"date":"2024-02-29T20:31:41","date_gmt":"2024-02-29T20:31:41","guid":{"rendered":"https:\/\/www.giuseppeferrara.com\/developpement-de-sites-internet-sur-mesure\/"},"modified":"2024-03-13T16:12:25","modified_gmt":"2024-03-13T16:12:25","slug":"developpement-de-sites-internet-sur-mesure","status":"publish","type":"page","link":"https:\/\/www.giuseppeferrara.com\/fr\/developpement-de-sites-internet-sur-mesure\/","title":{"rendered":"D\u00e9veloppement de sites Internet sur mesure"},"content":{"rendered":"\t\t<div data-elementor-type=\"wp-page\" data-elementor-id=\"774\" class=\"elementor elementor-774 elementor-688\" data-elementor-post-type=\"page\">\n\t\t\t\t\t\t<section class=\"elementor-section elementor-top-section elementor-element elementor-element-45c92b7 elementor-section-boxed elementor-section-height-default elementor-section-height-default\" data-id=\"45c92b7\" data-element_type=\"section\" data-e-type=\"section\">\n\t\t\t\t\t\t<div class=\"elementor-container elementor-column-gap-default\">\n\t\t\t\t\t<div class=\"elementor-column elementor-col-100 elementor-top-column elementor-element elementor-element-2949c38\" data-id=\"2949c38\" data-element_type=\"column\" data-e-type=\"column\">\n\t\t\t<div class=\"elementor-widget-wrap elementor-element-populated\">\n\t\t\t\t\t\t<div class=\"elementor-element elementor-element-f79e96d elementor-widget elementor-widget-text-editor\" data-id=\"f79e96d\" data-element_type=\"widget\" data-e-type=\"widget\" data-widget_type=\"text-editor.default\">\n\t\t\t\t<div class=\"elementor-widget-container\">\n\t\t\t\t\t\t\t\t\t<p><strong>Introduction<\/strong> : Dans le paysage num\u00e9rique actuel, un site web qui se distingue non seulement par son design mais aussi par ses fonctionnalit\u00e9s est essentiel au succ\u00e8s d&rsquo;une entreprise. Sp\u00e9cialis\u00e9s dans les solutions de d\u00e9veloppement web personnalis\u00e9es, nous nous engageons \u00e0 transformer les visions en r\u00e9alit\u00e9s num\u00e9riques, en veillant \u00e0 ce que chaque site web se distingue et convertisse efficacement les visiteurs en clients.<\/p>\n<p><strong>Pourquoi choisir nos solutions :<\/strong><\/p>\n<ul>\n<li><strong>Une d\u00e9cennie d&rsquo;exp\u00e9rience dans le d\u00e9veloppement Full Stack<\/strong> : Combinant les comp\u00e9tences front-end et back-end, nous offrons un service complet qui couvre tous les aspects du d\u00e9veloppement web, de la conception \u00e0 la mise en ligne.<\/li>\n<li><strong>Responsive Design<\/strong> : Sites web cr\u00e9\u00e9s pour garantir une exp\u00e9rience utilisateur optimale sur n&rsquo;importe quel appareil et n&rsquo;importe quelle taille d&rsquo;\u00e9cran.<\/li>\n<li><strong>Performance et rapidit\u00e9<\/strong> : Le d\u00e9veloppement s&rsquo;est concentr\u00e9 sur des sites web rapides et efficaces afin de maintenir l&rsquo;int\u00e9r\u00eat des visiteurs et de r\u00e9duire les taux de rebond.<\/li>\n<li><strong>S\u00e9curit\u00e9 avanc\u00e9e<\/strong> : Mise en \u0153uvre des meilleures pratiques pour prot\u00e9ger le site web contre les menaces les plus r\u00e9centes et garantir la s\u00e9curit\u00e9 des donn\u00e9es des utilisateurs.<\/li>\n<\/ul>\n<p><strong>Le processus de d\u00e9veloppement :<\/strong><\/p>\n<ol>\n<li><strong>Consultation initiale<\/strong> : \u00c9couter les besoins et discuter de la strat\u00e9gie la plus adapt\u00e9e au projet.<\/li>\n<li><strong>Conception et d\u00e9veloppement<\/strong> : Transformer les id\u00e9es en r\u00e9alit\u00e9 avec des \u00e9bauches initiales et des it\u00e9rations de d\u00e9veloppement jusqu&rsquo;\u00e0 la perfection.<\/li>\n<li><strong>Tests et optimisation<\/strong> : Test rigoureux du site web avant son lancement pour s&rsquo;assurer qu&rsquo;il r\u00e9pond \u00e0 toutes les normes de performance et de s\u00e9curit\u00e9.<\/li>\n<li><strong>Lancement et soutien continu<\/strong> : Une fois que tout est parfait, le site web est lanc\u00e9. Une assistance continue est fournie pour toute question ou mise \u00e0 jour future.<\/li>\n<\/ol>\n<p><strong>Commencez d\u00e8s aujourd&rsquo;hui<\/strong> : Pr\u00eat \u00e0 d\u00e9velopper votre entreprise gr\u00e2ce \u00e0 un site web personnalis\u00e9 qui refl\u00e8te votre vision unique ? Contactez-nous pour une consultation gratuite et commencez \u00e0 transformer votre vision en une r\u00e9alit\u00e9 num\u00e9rique qui aura un impact.<\/p>\n\t\t\t\t\t\t\t\t<\/div>\n\t\t\t\t<\/div>\n\t\t\t\t<div class=\"elementor-element elementor-element-4cf6008 elementor-widget elementor-widget-arter-contact-form\" data-id=\"4cf6008\" data-element_type=\"widget\" data-e-type=\"widget\" data-widget_type=\"arter-contact-form.default\">\n\t\t\t\t<div class=\"elementor-widget-container\">\n\t\t\t\t\t\n\t\t<!-- container -->\n\t\t<div class=\"container-fluid\">\n\n\t\t<!-- row -->\n\t\t<div class=\"row\">\n\n\t\t  \t\t  <!-- col -->\n\t\t  <div class=\"col-lg-12\">\n\n\t\t    <!-- section title -->\n\t\t    <div class=\"art-section-title\">\n\t\t      <!-- title frame -->\n\t\t      <div class=\"art-title-frame\">\n\t\t        <!-- title -->\n\t\t        <h4 class=\"art-title-h\">\n\t\t    \t<span >\n\t\t          \tRequest a quote\t\t         <\/span>\n\t\t    \t<\/h4>\n\t\t      <\/div>\n\t\t      <!-- title frame end -->\n\t\t    <\/div>\n\t\t    <!-- section title end -->\n\n\t\t  <\/div>\n\t\t  <!-- col end -->\n\t\t  \n\t\t  \t\t  <!-- col -->\n\t\t  <div class=\"col-lg-12\">\n\n\t\t  <!-- contact form frame -->\n\t\t  <div class=\"art-a art-card\">\n\t\t\t  \n<div class=\"wpcf7 no-js\" id=\"wpcf7-f80-o1\" lang=\"en-US\" dir=\"ltr\" data-wpcf7-id=\"80\">\n<div class=\"screen-reader-response\"><p role=\"status\" aria-live=\"polite\" aria-atomic=\"true\"><\/p> <ul><\/ul><\/div>\n<form action=\"\/fr\/wp-json\/wp\/v2\/pages\/774#wpcf7-f80-o1\" method=\"post\" class=\"wpcf7-form init\" aria-label=\"Contact form\" novalidate=\"novalidate\" data-status=\"init\">\n<fieldset class=\"hidden-fields-container\"><input type=\"hidden\" name=\"_wpcf7\" value=\"80\" \/><input type=\"hidden\" name=\"_wpcf7_version\" value=\"6.1.5\" \/><input type=\"hidden\" name=\"_wpcf7_locale\" value=\"en_US\" \/><input type=\"hidden\" name=\"_wpcf7_unit_tag\" value=\"wpcf7-f80-o1\" \/><input type=\"hidden\" name=\"_wpcf7_container_post\" value=\"0\" \/><input type=\"hidden\" name=\"_wpcf7_posted_data_hash\" value=\"\" \/>\n<\/fieldset>\n<!-- contact form -->\n<div class=\"art-contact-form\">\n\t<!-- form field -->\n\t<div class=\"art-form-field\">\n\t\t<!-- name input -->\n\t\t<span class=\"wpcf7-form-control-wrap\" data-name=\"your-name\"><input size=\"40\" maxlength=\"400\" class=\"wpcf7-form-control wpcf7-text wpcf7-validates-as-required art-input\" aria-required=\"true\" aria-invalid=\"false\" placeholder=\"Name\" value=\"\" type=\"text\" name=\"your-name\" \/><\/span>\n\t\t<!-- label -->\n\t\t<label><i class=\"fas fa-user\"><\/i><\/label>\n\t<\/div>\n\t<!-- form field end -->\n\t\n\t<!-- form field -->\n\t<div class=\"art-form-field\">\n\t\t<!-- email input -->\n\t\t<span class=\"wpcf7-form-control-wrap\" data-name=\"your-email\"><input size=\"40\" maxlength=\"400\" class=\"wpcf7-form-control wpcf7-email wpcf7-validates-as-required wpcf7-text wpcf7-validates-as-email art-input\" aria-required=\"true\" aria-invalid=\"false\" placeholder=\"Email\" value=\"\" type=\"email\" name=\"your-email\" \/><\/span>\n\t\t<!-- label -->\n\t\t<label><i class=\"fas fa-at\"><\/i><\/label>\n\t<\/div>\n\t<!-- form field end -->\n\t\n\t<!-- form field -->\n\t<div class=\"art-form-field\">\n\t\t<!-- message textarea -->\n\t\t<span class=\"wpcf7-form-control-wrap\" data-name=\"your-message\"><textarea cols=\"40\" rows=\"10\" maxlength=\"2000\" class=\"wpcf7-form-control wpcf7-textarea wpcf7-validates-as-required art-input\" aria-required=\"true\" aria-invalid=\"false\" placeholder=\"Message\" name=\"your-message\"><\/textarea><\/span>\n\t\t<!-- label -->\n\t\t<label><i class=\"far fa-envelope\"><\/i><\/label>\n\t<\/div>\n\t<!-- form field end -->\n\t\n\t<!-- button -->\n\t<div class=\"art-submit-frame\">\n\t\t<button class=\"art-btn art-btn-md art-submit\" type=\"submit\"><span>Send<\/span><\/button>\n\t<\/div>\n<\/div>\n<!-- contact form end --><div class=\"wpcf7-response-output\" aria-hidden=\"true\"><\/div>\n<\/form>\n<\/div>\n\t\t  <\/div>\n\t\t  <!-- contact form frame end -->\n\n\t\t  <\/div>\n\t\t  <!-- col end -->\n\t\t  \t\t\t\t\n\t\t<\/div>\n\t\t  <!-- row end -->\n\n\t\t<\/div>\n\t\t<!-- container end -->\t\t\t\n\n\t\t\t\t\t\t<\/div>\n\t\t\t\t<\/div>\n\t\t\t\t\t<\/div>\n\t\t<\/div>\n\t\t\t\t\t<\/div>\n\t\t<\/section>\n\t\t\t\t<section class=\"elementor-section elementor-top-section elementor-element elementor-element-ede8249 elementor-section-boxed elementor-section-height-default elementor-section-height-default\" data-id=\"ede8249\" data-element_type=\"section\" data-e-type=\"section\">\n\t\t\t\t\t\t<div class=\"elementor-container elementor-column-gap-default\">\n\t\t\t\t\t<div class=\"elementor-column elementor-col-100 elementor-top-column elementor-element elementor-element-ec3bdc0\" data-id=\"ec3bdc0\" data-element_type=\"column\" data-e-type=\"column\">\n\t\t\t<div class=\"elementor-widget-wrap\">\n\t\t\t\t\t\t\t<\/div>\n\t\t<\/div>\n\t\t\t\t\t<\/div>\n\t\t<\/section>\n\t\t\t\t<\/div>\n\t\t","protected":false},"excerpt":{"rendered":"<p>Introduction : Dans le paysage num\u00e9rique actuel, un site web qui se distingue non seulement par son design mais aussi&#8230; <\/p>\n<div class=\"art-el-more\"><a href=\"https:\/\/www.giuseppeferrara.com\/fr\/developpement-de-sites-internet-sur-mesure\/\" class=\"art-link art-color-link art-w-chevron\">Read more<\/a><\/div>\n","protected":false},"author":1,"featured_media":705,"parent":0,"menu_order":0,"comment_status":"closed","ping_status":"closed","template":"","meta":{"_acf_changed":false,"_joinchat":[],"footnotes":""},"class_list":["post-774","page","type-page","status-publish","has-post-thumbnail","hentry"],"acf":[],"_links":{"self":[{"href":"https:\/\/www.giuseppeferrara.com\/fr\/wp-json\/wp\/v2\/pages\/774","targetHints":{"allow":["GET"]}}],"collection":[{"href":"https:\/\/www.giuseppeferrara.com\/fr\/wp-json\/wp\/v2\/pages"}],"about":[{"href":"https:\/\/www.giuseppeferrara.com\/fr\/wp-json\/wp\/v2\/types\/page"}],"author":[{"embeddable":true,"href":"https:\/\/www.giuseppeferrara.com\/fr\/wp-json\/wp\/v2\/users\/1"}],"replies":[{"embeddable":true,"href":"https:\/\/www.giuseppeferrara.com\/fr\/wp-json\/wp\/v2\/comments?post=774"}],"version-history":[{"count":3,"href":"https:\/\/www.giuseppeferrara.com\/fr\/wp-json\/wp\/v2\/pages\/774\/revisions"}],"predecessor-version":[{"id":777,"href":"https:\/\/www.giuseppeferrara.com\/fr\/wp-json\/wp\/v2\/pages\/774\/revisions\/777"}],"wp:featuredmedia":[{"embeddable":true,"href":"https:\/\/www.giuseppeferrara.com\/fr\/wp-json\/wp\/v2\/media\/705"}],"wp:attachment":[{"href":"https:\/\/www.giuseppeferrara.com\/fr\/wp-json\/wp\/v2\/media?parent=774"}],"curies":[{"name":"wp","href":"https:\/\/api.w.org\/{rel}","templated":true}]}}