{"id":770,"date":"2020-09-24T10:31:59","date_gmt":"2020-09-24T09:31:59","guid":{"rendered":"https:\/\/www.giuseppeferrara.com\/home\/"},"modified":"2025-12-21T13:12:49","modified_gmt":"2025-12-21T13:12:49","slug":"home","status":"publish","type":"page","link":"https:\/\/www.giuseppeferrara.com\/fr\/","title":{"rendered":"Home"},"content":{"rendered":"\t\t<div data-elementor-type=\"wp-page\" data-elementor-id=\"770\" class=\"elementor elementor-770 elementor-13\" data-elementor-post-type=\"page\">\n\t\t\t\t\t\t<section class=\"elementor-section elementor-top-section elementor-element elementor-element-82626cb elementor-section-full_width elementor-section-height-default elementor-section-height-default\" data-id=\"82626cb\" data-element_type=\"section\" data-e-type=\"section\">\n\t\t\t\t\t\t<div class=\"elementor-container elementor-column-gap-no\">\n\t\t\t\t\t<div class=\"elementor-column elementor-col-100 elementor-top-column elementor-element elementor-element-7920c75\" data-id=\"7920c75\" data-element_type=\"column\" data-e-type=\"column\">\n\t\t\t<div class=\"elementor-widget-wrap elementor-element-populated\">\n\t\t\t\t\t\t<div class=\"elementor-element elementor-element-cf9af66 elementor-widget elementor-widget-arter-hero-banner\" data-id=\"cf9af66\" data-element_type=\"widget\" data-e-type=\"widget\" data-widget_type=\"arter-hero-banner.default\">\n\t\t\t\t<div class=\"elementor-widget-container\">\n\t\t\t\t\t\n\t\t<!-- container -->\n\t\t<div class=\"container-fluid\">\n\t\t\t<!-- row -->\n\t\t\t<div class=\"row p-30-0 p-lg-30-0 p-md-15-0\">\n\t\t\t  <!-- col -->\n\t\t\t  <div class=\"col-lg-12\">\n\n\t\t\t    <!-- banner -->\n\t\t\t    <div class=\"art-a art-banner\" style=\"background-image: url(https:\/\/www.giuseppeferrara.com\/wp-content\/uploads\/2022\/10\/back.jpg)\">\n\t\t\t      <!-- banner back -->\n\t\t\t      <div class=\"art-banner-back\"><\/div>\n\t\t\t      <!-- banner dec -->\n\t\t\t      <div class=\"art-banner-dec\"><\/div>\n\t\t\t      <!-- banner overlay -->\n\t\t\t      <div class=\"art-banner-overlay\">\n\t\t\t        <!-- main title -->\n\t\t\t        <div class=\"art-banner-title\">\n\t\t\t          \t\t\t          <!-- title -->\n\t\t\t          <h1 class=\"art-banner-title-h mb-15\">\n\t\t\t          <span >\n\t\t\t          \tD\u00e9couvrez mon incroyable <br \/>Espace d\u00e9veloppeur !\t\t\t          <\/span>\n\t\t\t          <\/h1>\n\t\t\t      \t  \t\t\t      \t  \t\t\t          <!-- suptitle -->\n\t\t\t          <div class=\"art-lg-text art-code mb-25\">\n\t\t\t          \t&lt;<i>code<\/i>&gt; \n\t\t\t          \t\t\t\t          \t\t\t\t          \t<span class=\"txt-rotate\" data-period=\"2000\"\n\t\t\t              data-rotate='[ &quot;D\u00e9veloppement de sites web&quot;,&quot;E-commerceD\u00e9veloppement&quot;,&quot;S\u00e9curit\u00e9 de WordPress&quot;,&quot;Optimisation de la vitesse de WordPress&quot; ]'><\/span>\n\t\t\t            \t\t\t            &lt;\/<i>code<\/i>&gt;\n\t\t\t          <\/div>\n\t\t\t          \t\t\t          \t\t\t          <div class=\"art-buttons-frame\">\n\t\t\t            <!-- button -->\n\t\t\t            <a href=\"https:\/\/www.giuseppeferrara.com\/portfolio\/\" class=\"art-btn art-btn-md\"><span>Le portefeuille<\/span><\/a>\n\t\t\t          <\/div>\n\t\t\t          \t\t\t        <\/div>\n\t\t\t        <!-- main title end -->\n\t\t\t        \t\t\t        <!-- photo -->\n\t\t\t        <img decoding=\"async\" src=\"https:\/\/www.giuseppeferrara.com\/wp-content\/uploads\/2025\/12\/k3vYQdcegZkGPKyjRu_yW-1-1.png\" class=\"art-banner-photo\" alt=\"Photo\">\n\t\t\t        \t\t\t      <\/div>\n\t\t\t      <!-- banner overlay end -->\n\t\t\t    <\/div>\n\t\t\t    <!-- banner end -->\n\n\t\t\t  <\/div>\n\t\t\t  <!-- col end -->\n\t\t\t<\/div>\n\t\t\t<!-- row end -->\n\t\t<\/div>\n\t\t<!-- container end -->\n\n\t\t\t\t\t\t<\/div>\n\t\t\t\t<\/div>\n\t\t\t\t\t<\/div>\n\t\t<\/div>\n\t\t\t\t\t<\/div>\n\t\t<\/section>\n\t\t\t\t<section class=\"elementor-section elementor-top-section elementor-element elementor-element-44ef86e elementor-section-full_width elementor-section-height-default elementor-section-height-default\" data-id=\"44ef86e\" data-element_type=\"section\" data-e-type=\"section\">\n\t\t\t\t\t\t<div class=\"elementor-container elementor-column-gap-no\">\n\t\t\t\t\t<div class=\"elementor-column elementor-col-100 elementor-top-column elementor-element elementor-element-f5acb54\" data-id=\"f5acb54\" data-element_type=\"column\" data-e-type=\"column\">\n\t\t\t<div class=\"elementor-widget-wrap elementor-element-populated\">\n\t\t\t\t\t\t<div class=\"elementor-element elementor-element-f6aa688 elementor-widget elementor-widget-arter-services\" data-id=\"f6aa688\" data-element_type=\"widget\" data-e-type=\"widget\" data-widget_type=\"arter-services.default\">\n\t\t\t\t<div class=\"elementor-widget-container\">\n\t\t\t\t\t\n\t\t<!-- container -->\n\t\t<div class=\"container-fluid\">\n\n\t\t<!-- row -->\n\t\t<div class=\"row\">\n\t\t  \t\t  <!-- col -->\n\t\t  <div class=\"col-lg-12\">\n\n\t\t    <!-- section title -->\n\t\t    <div class=\"art-section-title\">\n\t\t      <!-- title frame -->\n\t\t      <div class=\"art-title-frame\">\n\t\t        <!-- title -->\n\t\t        <h4 class=\"art-title-h\">\n\t\t    \t<span >\n\t\t          \tServices\t\t         <\/span>\n\t\t    \t<\/h4>\n\t\t      <\/div>\n\t\t      <!-- title frame end -->\n\t\t    <\/div>\n\t\t    <!-- section title end -->\n\n\t\t  <\/div>\n\t\t  <!-- col end -->\n\t\t  \n\t\t  \t\t  \t\t  <!-- col -->\n\t\t  <div class=\"col-lg-4 col-md-6\">\n\n\t\t    <!-- service -->\n\t\t    <div class=\"art-a art-service-icon-box\">\n\t\t      <!-- service content -->\n\t\t      <div class=\"art-service-ib-content\">\n\t\t        \t\t        <!-- title -->\n\t\t        <h5 class=\"mb-15\">\n\t\t        \t<span >\n\t\t        \t\tD\u00e9veloppement de sites web\t\t        \t<\/span>\n\t\t        <\/h5>\n\t\t        \t\t        \t\t        <!-- text -->\n\t\t        <div class=\"mb-15\">\n\t\t        \t<div >\n\t\t        \t\t<p>Orient\u00e9 client, centr\u00e9 sur le client, cr\u00e9ation de plates-formes de sites web.<\/p>\t\t        \t<\/div>\n\t\t        <\/div>\n\t\t        \t\t        \t\t        <!-- button -->\n\t\t        <div class=\"art-buttons-frame\">\n\t\t        \t<a href=\"\/contact\/\" class=\"art-link art-color-link art-w-chevron\">\n\t\t        \t\t<span >\n\t\t\t        \t\tCommander\t\t\t        \t<\/span>\n\t\t        \t<\/a>\n\t\t        <\/div>\n\t\t        \t\t      <\/div>\n\t\t      <!-- service content end -->\n\t\t    <\/div>\n\t\t    <!-- service end -->\n\n\t\t  <\/div>\n\t\t  <!-- col end -->\n\t\t  \t\t  <!-- col -->\n\t\t  <div class=\"col-lg-4 col-md-6\">\n\n\t\t    <!-- service -->\n\t\t    <div class=\"art-a art-service-icon-box\">\n\t\t      <!-- service content -->\n\t\t      <div class=\"art-service-ib-content\">\n\t\t        \t\t        <!-- title -->\n\t\t        <h5 class=\"mb-15\">\n\t\t        \t<span >\n\t\t        \t\tE-commerce \t\t        \t<\/span>\n\t\t        <\/h5>\n\t\t        \t\t        \t\t        <!-- text -->\n\t\t        <div class=\"mb-15\">\n\t\t        \t<div >\n\t\t        \t\t<p>D\u00e9velopper votre boutique en ligne. Site s\u00e9curis\u00e9, hautes performances.<\/p>\t\t        \t<\/div>\n\t\t        <\/div>\n\t\t        \t\t        \t\t        <!-- button -->\n\t\t        <div class=\"art-buttons-frame\">\n\t\t        \t<a href=\"\/contact\/\" class=\"art-link art-color-link art-w-chevron\">\n\t\t        \t\t<span >\n\t\t\t        \t\tCommander\t\t\t        \t<\/span>\n\t\t        \t<\/a>\n\t\t        <\/div>\n\t\t        \t\t      <\/div>\n\t\t      <!-- service content end -->\n\t\t    <\/div>\n\t\t    <!-- service end -->\n\n\t\t  <\/div>\n\t\t  <!-- col end -->\n\t\t  \t\t  <!-- col -->\n\t\t  <div class=\"col-lg-4 col-md-6\">\n\n\t\t    <!-- service -->\n\t\t    <div class=\"art-a art-service-icon-box\">\n\t\t      <!-- service content -->\n\t\t      <div class=\"art-service-ib-content\">\n\t\t        \t\t        <!-- title -->\n\t\t        <h5 class=\"mb-15\">\n\t\t        \t<span >\n\t\t        \t\tPublicit\u00e9\t\t        \t<\/span>\n\t\t        <\/h5>\n\t\t        \t\t        \t\t        <!-- text -->\n\t\t        <div class=\"mb-15\">\n\t\t        \t<div >\n\t\t        \t\t<p>Mise en place et gestion de campagnes publicitaires sur Google et Facebook.<\/p>\t\t        \t<\/div>\n\t\t        <\/div>\n\t\t        \t\t        \t\t        <!-- button -->\n\t\t        <div class=\"art-buttons-frame\">\n\t\t        \t<a href=\"\/contact\/\" class=\"art-link art-color-link art-w-chevron\">\n\t\t        \t\t<span >\n\t\t\t        \t\tCommander\t\t\t        \t<\/span>\n\t\t        \t<\/a>\n\t\t        <\/div>\n\t\t        \t\t      <\/div>\n\t\t      <!-- service content end -->\n\t\t    <\/div>\n\t\t    <!-- service end -->\n\n\t\t  <\/div>\n\t\t  <!-- col end -->\n\t\t  \t\t  <!-- col -->\n\t\t  <div class=\"col-lg-4 col-md-6\">\n\n\t\t    <!-- service -->\n\t\t    <div class=\"art-a art-service-icon-box\">\n\t\t      <!-- service content -->\n\t\t      <div class=\"art-service-ib-content\">\n\t\t        \t\t        <!-- title -->\n\t\t        <h5 class=\"mb-15\">\n\t\t        \t<span >\n\t\t        \t\tiOS \/ Android Apps\t\t        \t<\/span>\n\t\t        <\/h5>\n\t\t        \t\t        \t\t        <!-- text -->\n\t\t        <div class=\"mb-15\">\n\t\t        \t<div >\n\t\t        \t\t<p>Applications natives ou applications web. Peu importe !<\/p>\t\t        \t<\/div>\n\t\t        <\/div>\n\t\t        \t\t        \t\t        <!-- button -->\n\t\t        <div class=\"art-buttons-frame\">\n\t\t        \t<a href=\"\/contact\/\" class=\"art-link art-color-link art-w-chevron\">\n\t\t        \t\t<span >\n\t\t\t        \t\tCommander\t\t\t        \t<\/span>\n\t\t        \t<\/a>\n\t\t        <\/div>\n\t\t        \t\t      <\/div>\n\t\t      <!-- service content end -->\n\t\t    <\/div>\n\t\t    <!-- service end -->\n\n\t\t  <\/div>\n\t\t  <!-- col end -->\n\t\t  \t\t  <!-- col -->\n\t\t  <div class=\"col-lg-4 col-md-6\">\n\n\t\t    <!-- service -->\n\t\t    <div class=\"art-a art-service-icon-box\">\n\t\t      <!-- service content -->\n\t\t      <div class=\"art-service-ib-content\">\n\t\t        \t\t        <!-- title -->\n\t\t        <h5 class=\"mb-15\">\n\t\t        \t<span >\n\t\t        \t\tUI\/UX Design\t\t        \t<\/span>\n\t\t        <\/h5>\n\t\t        \t\t        \t\t        <!-- text -->\n\t\t        <div class=\"mb-15\">\n\t\t        \t<div >\n\t\t        \t\t<p>Des conceptions parfaites en pixels. Meilleure exp\u00e9rience utilisateur et interfaces utilisateur.<\/p>\t\t        \t<\/div>\n\t\t        <\/div>\n\t\t        \t\t        \t\t        <!-- button -->\n\t\t        <div class=\"art-buttons-frame\">\n\t\t        \t<a href=\"\/contact\/\" class=\"art-link art-color-link art-w-chevron\">\n\t\t        \t\t<span >\n\t\t\t        \t\tCommander\t\t\t        \t<\/span>\n\t\t        \t<\/a>\n\t\t        <\/div>\n\t\t        \t\t      <\/div>\n\t\t      <!-- service content end -->\n\t\t    <\/div>\n\t\t    <!-- service end -->\n\n\t\t  <\/div>\n\t\t  <!-- col end -->\n\t\t  \t\t  <!-- col -->\n\t\t  <div class=\"col-lg-4 col-md-6\">\n\n\t\t    <!-- service -->\n\t\t    <div class=\"art-a art-service-icon-box\">\n\t\t      <!-- service content -->\n\t\t      <div class=\"art-service-ib-content\">\n\t\t        \t\t        <!-- title -->\n\t\t        <h5 class=\"mb-15\">\n\t\t        \t<span >\n\t\t        \t\tH\u00e9bergement de sites web\t\t        \t<\/span>\n\t\t        <\/h5>\n\t\t        \t\t        \t\t        <!-- text -->\n\t\t        <div class=\"mb-15\">\n\t\t        \t<div >\n\t\t        \t\t<p>H\u00e9bergement de plus de 20 sites web, gestion compl\u00e8te de votre serveur.<\/p>\t\t        \t<\/div>\n\t\t        <\/div>\n\t\t        \t\t        \t\t        <!-- button -->\n\t\t        <div class=\"art-buttons-frame\">\n\t\t        \t<a href=\"\/contact\/\" class=\"art-link art-color-link art-w-chevron\">\n\t\t        \t\t<span >\n\t\t\t        \t\tCommander\t\t\t        \t<\/span>\n\t\t        \t<\/a>\n\t\t        <\/div>\n\t\t        \t\t      <\/div>\n\t\t      <!-- service content end -->\n\t\t    <\/div>\n\t\t    <!-- service end -->\n\n\t\t  <\/div>\n\t\t  <!-- col end -->\n\t\t  \t\t  \t\t<\/div>\n\t\t<!-- row end -->\n\n\t\t<\/div>\n\t\t<!-- container end -->\n\n\t\t\t\t\t\t<\/div>\n\t\t\t\t<\/div>\n\t\t\t\t\t<\/div>\n\t\t<\/div>\n\t\t\t\t\t<\/div>\n\t\t<\/section>\n\t\t\t\t<\/div>\n\t\t","protected":false},"excerpt":{"rendered":"<p>D\u00e9couvrez mon incroyable Espace d\u00e9veloppeur ! &lt;code&gt; &lt;\/code&gt; Le portefeuille Services D\u00e9veloppement de sites web Orient\u00e9 client, centr\u00e9 sur le&#8230; <\/p>\n<div class=\"art-el-more\"><a href=\"https:\/\/www.giuseppeferrara.com\/fr\/\" class=\"art-link art-color-link art-w-chevron\">Read more<\/a><\/div>\n","protected":false},"author":1,"featured_media":535,"parent":0,"menu_order":0,"comment_status":"closed","ping_status":"closed","template":"template-layout-builder.php","meta":{"_acf_changed":false,"_joinchat":[],"footnotes":""},"class_list":["post-770","page","type-page","status-publish","has-post-thumbnail","hentry"],"acf":[],"_links":{"self":[{"href":"https:\/\/www.giuseppeferrara.com\/fr\/wp-json\/wp\/v2\/pages\/770","targetHints":{"allow":["GET"]}}],"collection":[{"href":"https:\/\/www.giuseppeferrara.com\/fr\/wp-json\/wp\/v2\/pages"}],"about":[{"href":"https:\/\/www.giuseppeferrara.com\/fr\/wp-json\/wp\/v2\/types\/page"}],"author":[{"embeddable":true,"href":"https:\/\/www.giuseppeferrara.com\/fr\/wp-json\/wp\/v2\/users\/1"}],"replies":[{"embeddable":true,"href":"https:\/\/www.giuseppeferrara.com\/fr\/wp-json\/wp\/v2\/comments?post=770"}],"version-history":[{"count":15,"href":"https:\/\/www.giuseppeferrara.com\/fr\/wp-json\/wp\/v2\/pages\/770\/revisions"}],"predecessor-version":[{"id":910,"href":"https:\/\/www.giuseppeferrara.com\/fr\/wp-json\/wp\/v2\/pages\/770\/revisions\/910"}],"wp:featuredmedia":[{"embeddable":true,"href":"https:\/\/www.giuseppeferrara.com\/fr\/wp-json\/wp\/v2\/media\/535"}],"wp:attachment":[{"href":"https:\/\/www.giuseppeferrara.com\/fr\/wp-json\/wp\/v2\/media?parent=770"}],"curies":[{"name":"wp","href":"https:\/\/api.w.org\/{rel}","templated":true}]}}